{"id":2,"date":"2023-09-22T09:06:47","date_gmt":"2023-09-22T12:06:47","guid":{"rendered":"https:\/\/anpmat.org.br\/simposio-nacional-7\/?page_id=2"},"modified":"2023-12-19T17:19:34","modified_gmt":"2023-12-19T20:19:34","slug":"pagina-exemplo","status":"publish","type":"page","link":"https:\/\/anpmat.org.br\/simposio-nacional-7\/","title":{"rendered":"Apresenta\u00e7\u00e3o"},"content":{"rendered":"\n<p>O <strong>7\u00ba Simp\u00f3sio Nacional da Forma\u00e7\u00e3o de Professores de Matem\u00e1tica<\/strong> visa fortalecer a comunidade de professores de matem\u00e1tica da Educa\u00e7\u00e3o B\u00e1sica e aproximar esta comunidade de uma produ\u00e7\u00e3o acad\u00eamica e de pesquisa que possa efetivamente enriquecer a pr\u00e1tica de professoras e professores de matem\u00e1tica.<\/p>\n\n\n\n<p>Este car\u00e1ter dual, de um evento que aproxima comunidades de pr\u00e1ticas de comunidades cient\u00edficas se reflete em seu programa, que se divide entre dois enfoques: a) Da pesquisa \u00e0s salas de aula, no qual s\u00e3o apresentados estudos e resultados de pesquisa que possam ser relevantes para a pr\u00e1tica e viv\u00eancia do professor da educa\u00e7\u00e3o b\u00e1sica; b) Da sala de aula para a sala de aula, na qual professores compartilham suas pr\u00e1ticas, refletem sobre seu alcance e assim permitem que suas experi\u00eancias sejam difundidas e apropriadas.<\/p>\n\n\n\n<p>Al\u00e9m disso, nessa edi\u00e7\u00e3o, estamos propondo uma inova\u00e7\u00e3o na estrutura do evento. Constatamos empiricamente que no 5\u00ba Simp\u00f3sio, realizado na UFSM em 2022, as mudan\u00e7as do Novo Ensino M\u00e9dio ocuparam, de modo espont\u00e2neo, diversos espa\u00e7os do evento. Levando em considera\u00e7\u00e3o esta percep\u00e7\u00e3o da demanda e possibilidade de dar uma aten\u00e7\u00e3o especial a algum tema espec\u00edfico, a coordena\u00e7\u00e3o do evento e a diretoria da ANPMat propuseram \u00e0 comunidade que no 7\u00ba simp\u00f3sio tenhamos um per\u00edodo dedicado a uma tem\u00e1tica espec\u00edfica: <strong>\u201cE os sextos anos?\u201d<\/strong>.<\/p>\n\n\n\n<p>O <strong>7\u00ba Simp\u00f3sio Nacional da Forma\u00e7\u00e3o do Professor de Matem\u00e1tica <\/strong>tem por objetivo possibilitar uma maior reflex\u00e3o sobre a forma\u00e7\u00e3o do profissional da \u00e1rea de Matem\u00e1tica, em especial do professor atuante na educa\u00e7\u00e3o b\u00e1sica, debatendo propostas e possibilidades de melhorias na qualidade do ensino.<\/p>\n\n\n\n<p>O Simp\u00f3sio oferece um programa diversificado de atividades voltadas para a forma\u00e7\u00e3o e atualiza\u00e7\u00e3o do Professor de Matem\u00e1tica da Escola B\u00e1sica, incluindo palestras, minicursos, oficinas, pain\u00e9is, mesas redondas, comunica\u00e7\u00f5es orais e relatos de experi\u00eancias. Ele propicia, igualmente, um f\u00f3rum para discuss\u00e3o ampla de todos os temas atuais e relevantes para a comunidade da Escola B\u00e1sica, al\u00e9m de constituir um canal de comunica\u00e7\u00e3o com a comunidade universit\u00e1ria.<\/p>\n\n\n\n<p>O <strong>7\u00ba Simp\u00f3sio Nacional da Forma\u00e7\u00e3o do Professor de Matem\u00e1tica <\/strong>realizar-se-\u00e1 na modalidade presencial, de 26 a 29 de setembro de 2024, na Universidade Estadual de Campinas &#8211; UNICAMP \u2013 Campinas, SP. O simp\u00f3sio \u00e9 uma realiza\u00e7\u00e3o da Associa\u00e7\u00e3o Nacional dos Professores de Matem\u00e1tica na Educa\u00e7\u00e3o B\u00e1sica (ANPMat) e organizado pela Universidade Estadual de Campinas.<\/p>\n","protected":false},"excerpt":{"rendered":"<p>O 7\u00ba Simp\u00f3sio Nacional da Forma\u00e7\u00e3o de Professores de Matem\u00e1tica visa fortalecer a comunidade de professores de matem\u00e1tica da Educa\u00e7\u00e3o B\u00e1sica e aproximar esta comunidade de uma produ\u00e7\u00e3o acad\u00eamica e de pesquisa que possa efetivamente enriquecer a pr\u00e1tica de professoras e professores de matem\u00e1tica. Este car\u00e1ter dual, de um evento que aproxima comunidades de pr\u00e1ticas &#8230; <a title=\"Apresenta\u00e7\u00e3o\" class=\"read-more\" href=\"https:\/\/anpmat.org.br\/simposio-nacional-7\/\" aria-label=\"Read more about Apresenta\u00e7\u00e3o\">Ler mais<\/a><\/p>\n","protected":false},"author":1,"featured_media":0,"parent":0,"menu_order":0,"comment_status":"closed","ping_status":"open","template":"","meta":{"footnotes":""},"class_list":["post-2","page","type-page","status-publish"],"_links":{"self":[{"href":"https:\/\/anpmat.org.br\/simposio-nacional-7\/wp-json\/wp\/v2\/pages\/2","targetHints":{"allow":["GET"]}}],"collection":[{"href":"https:\/\/anpmat.org.br\/simposio-nacional-7\/wp-json\/wp\/v2\/pages"}],"about":[{"href":"https:\/\/anpmat.org.br\/simposio-nacional-7\/wp-json\/wp\/v2\/types\/page"}],"author":[{"embeddable":true,"href":"https:\/\/anpmat.org.br\/simposio-nacional-7\/wp-json\/wp\/v2\/users\/1"}],"replies":[{"embeddable":true,"href":"https:\/\/anpmat.org.br\/simposio-nacional-7\/wp-json\/wp\/v2\/comments?post=2"}],"version-history":[{"count":4,"href":"https:\/\/anpmat.org.br\/simposio-nacional-7\/wp-json\/wp\/v2\/pages\/2\/revisions"}],"predecessor-version":[{"id":67,"href":"https:\/\/anpmat.org.br\/simposio-nacional-7\/wp-json\/wp\/v2\/pages\/2\/revisions\/67"}],"wp:attachment":[{"href":"https:\/\/anpmat.org.br\/simposio-nacional-7\/wp-json\/wp\/v2\/media?parent=2"}],"curies":[{"name":"wp","href":"https:\/\/api.w.org\/{rel}","templated":true}]}}